{"id":501038,"date":"2025-11-01T19:10:02","date_gmt":"2025-11-01T19:10:02","guid":{"rendered":"https:\/\/tkmphoto.com\/aviso-legal\/"},"modified":"2026-02-26T12:56:29","modified_gmt":"2026-02-26T12:56:29","slug":"aviso-legal","status":"publish","type":"page","link":"https:\/\/tkmphoto.com\/es\/aviso-legal\/","title":{"rendered":"Aviso legal"},"content":{"rendered":"\n<p><strong>Aviso legal<\/strong><\/p>\n\n\n\n<p><strong>1. Identificaci\u00f3n del propietario (LSSI)<\/strong><\/p>\n\n\n\n<p>En cumplimiento de la Ley 34\/2002, de 11 de julio, de Servicios de la Sociedad de la Informaci\u00f3n y Comercio Electr\u00f3nico (LSSI-CE), el propietario de este sitio web (tkmphoto.com) proporciona la siguiente informaci\u00f3n:<\/p>\n\n\n\n<ul class=\"wp-block-list\">\n<li><strong>Propietario (titular):<\/strong> Tarik Kaan Muslu<\/li>\n\n\n\n<li><strong>Nombre comercial:<\/strong> TKM Photo<\/li>\n\n\n\n<li><strong>NIF\/NIE:<\/strong> Z3475666A<\/li>\n\n\n\n<li><strong>Direcci\u00f3n:<\/strong> chamber\u00ed, Madrid, Espa\u00f1a 28010<\/li>\n\n\n\n<li><strong>Correo electr\u00f3nico de contacto:<\/strong> info@tkmphoto.com<\/li>\n\n\n\n<li><strong>Sitio web:<\/strong> <a href=\"https:\/\/tkmphoto.com\/es\/\" target=\"_blank\" rel=\"noreferrer noopener\">https:\/\/tkmphoto.com<\/a><\/li>\n<\/ul>\n\n\n\n<p><strong>2. Objeto<\/strong><\/p>\n\n\n\n<p>El prop\u00f3sito de este sitio web es mostrar el portafolio de fotograf\u00eda profesional de la marca TKM Photo, gestionado por el propietario, y proporcionar un m\u00e9todo de contacto para clientes potenciales.<\/p>\n\n\n\n<p><strong>3. Propiedad intelectual e industrial (copyright)<\/strong><\/p>\n\n\n\n<p>Todo el contenido de este sitio web, incluyendo, entre otros, fotograf\u00edas, im\u00e1genes, v\u00eddeos, textos, logotipos y gr\u00e1ficos, es propiedad intelectual de su autor (Tar\u0131k Kaan Muslu) y se utiliza en este sitio web bajo la gesti\u00f3n comercial y la licencia del propietario del sitio (Srdana Munitic Muslu).<\/p>\n\n\n\n<p>Queda estrictamente prohibida cualquier reproducci\u00f3n, distribuci\u00f3n, comunicaci\u00f3n p\u00fablica o transformaci\u00f3n (incluida la descarga o el almacenamiento) de este contenido sin el consentimiento expreso por escrito del propietario del sitio. El uso no autorizado de cualquier imagen o contenido de este sitio estar\u00e1 sujeto a las acciones legales civiles y penales pertinentes.<\/p>\n\n\n\n<p><strong>4. Ley aplicable y jurisdicci\u00f3n<\/strong><\/p>\n\n\n\n<p>Estos t\u00e9rminos legales se regir\u00e1n e interpretar\u00e1n de acuerdo con la legislaci\u00f3n espa\u00f1ola. Cualquier disputa que surja del acceso o uso de este sitio web se someter\u00e1 a la jurisdicci\u00f3n de los tribunales de la ciudad de Madrid, Espa\u00f1a.<\/p>\n","protected":false},"excerpt":{"rendered":"<p>Aviso legal 1. Identificaci\u00f3n del propietario (LSSI) En cumplimiento de la Ley 34\/2002, de 11 de julio, de Servicios de la Sociedad de la Informaci\u00f3n y Comercio Electr\u00f3nico (LSSI-CE), el propietario de este sitio web (tkmphoto.com) proporciona la siguiente informaci\u00f3n: 2. Objeto El prop\u00f3sito de este sitio web es mostrar el portafolio de fotograf\u00eda profesional [&hellip;]<\/p>\n","protected":false},"author":1,"featured_media":0,"parent":0,"menu_order":0,"comment_status":"closed","ping_status":"closed","template":"","meta":{"footnotes":""},"class_list":["post-501038","page","type-page","status-publish","hentry"],"blocksy_meta":[],"_links":{"self":[{"href":"https:\/\/tkmphoto.com\/es\/wp-json\/wp\/v2\/pages\/501038","targetHints":{"allow":["GET"]}}],"collection":[{"href":"https:\/\/tkmphoto.com\/es\/wp-json\/wp\/v2\/pages"}],"about":[{"href":"https:\/\/tkmphoto.com\/es\/wp-json\/wp\/v2\/types\/page"}],"author":[{"embeddable":true,"href":"https:\/\/tkmphoto.com\/es\/wp-json\/wp\/v2\/users\/1"}],"replies":[{"embeddable":true,"href":"https:\/\/tkmphoto.com\/es\/wp-json\/wp\/v2\/comments?post=501038"}],"version-history":[{"count":3,"href":"https:\/\/tkmphoto.com\/es\/wp-json\/wp\/v2\/pages\/501038\/revisions"}],"predecessor-version":[{"id":501874,"href":"https:\/\/tkmphoto.com\/es\/wp-json\/wp\/v2\/pages\/501038\/revisions\/501874"}],"wp:attachment":[{"href":"https:\/\/tkmphoto.com\/es\/wp-json\/wp\/v2\/media?parent=501038"}],"curies":[{"name":"wp","href":"https:\/\/api.w.org\/{rel}","templated":true}]}}