{"id":501021,"date":"2022-03-11T11:30:11","date_gmt":"2022-03-11T11:30:11","guid":{"rendered":"https:\/\/tkmphoto.com\/politica-de-privacidad\/"},"modified":"2025-12-25T19:50:53","modified_gmt":"2025-12-25T19:50:53","slug":"politica-de-privacidad","status":"publish","type":"page","link":"https:\/\/tkmphoto.com\/es\/politica-de-privacidad\/","title":{"rendered":"Pol\u00edtica de privacidad"},"content":{"rendered":"\n<p><strong>Pol\u00edtica de privacidad<\/strong><\/p>\n\n\n\n<p><strong>1. Informaci\u00f3n del responsable del tratamiento de datos<\/strong> La entidad responsable del tratamiento de los datos personales recogidos a trav\u00e9s de este sitio web (<code>tkmphoto.com<\/code>) es:<\/p>\n\n\n\n<ul class=\"wp-block-list\">\n<li><strong>Nombre comercial:<\/strong> TKM photo<\/li>\n\n\n\n<li><strong>Persona a cargo:<\/strong> Tarik Kaan Muslu<\/li>\n\n\n\n<li><strong>Ubicaci\u00f3n:<\/strong> Madrid, Espa\u00f1a<\/li>\n\n\n\n<li><strong>Correo electr\u00f3nico:<\/strong> info@tkmphoto.com<\/li>\n\n\n\n<li><strong>Sitio web:<\/strong> <a href=\"https:\/\/tkmphoto.com\/es\/\" target=\"_blank\" rel=\"noreferrer noopener\">https:\/\/tkmphoto.com<\/a><\/li>\n<\/ul>\n\n\n\n<p><strong>2. Datos personales que recopilamos y por qu\u00e9<\/strong><\/p>\n\n\n\n<p>TKM Photo recopila datos a trav\u00e9s de este sitio web para los siguientes fines limitados:<\/p>\n\n\n\n<p><strong>a) Formularios de contacto<\/strong> Cuando los usuarios se ponen en contacto con nosotros a trav\u00e9s de la p\u00e1gina \u00abContacto\u00bb (mediante WP Forms), recopilamos informaci\u00f3n como el nombre, la direcci\u00f3n de correo electr\u00f3nico y el contenido del mensaje. Esto se hace \u00fanicamente para responder a esa consulta en funci\u00f3n de nuestro inter\u00e9s leg\u00edtimo de prestar nuestros servicios. Estos datos no se utilizan para fines de marketing ni se comparten con terceros sin consentimiento expl\u00edcito.  <\/p>\n\n\n\n<p><strong>b) Cookies y an\u00e1lisis<\/strong> Nuestro sitio web utiliza cookies para mejorar la experiencia del usuario, analizar el tr\u00e1fico del sitio y optimizar futuras campa\u00f1as publicitarias.<\/p>\n\n\n\n<ul class=\"wp-block-list\">\n<li><strong>Cookies funcionales:<\/strong> Necesarias para que el sitio funcione correctamente. Nuestro plugin WPML utiliza una cookie para recordar su idioma preferido. <\/li>\n\n\n\n<li><strong>Cookies de estad\u00edsticas (Google Analytics \/ Site Kit):<\/strong> Utilizamos Google Analytics (a trav\u00e9s del plugin Site Kit) para comprender c\u00f3mo utilizan los visitantes el sitio (por ejemplo, qu\u00e9 p\u00e1ginas son populares). Estos datos se recopilan de forma an\u00f3nima (las direcciones IP se anonimizan). <\/li>\n\n\n\n<li><strong>Cookies publicitarias (Google Ads):<\/strong> Cuando realizamos campa\u00f1as de Google Ads, se utilizan cookies para medir la eficacia de la campa\u00f1a (seguimiento de conversiones) y, potencialmente, para el remarketing.<\/li>\n<\/ul>\n\n\n\n<p>De acuerdo con la legislaci\u00f3n espa\u00f1ola y de la UE (RGPD), las cookies no funcionales (estad\u00edsticas y publicidad) no se activar\u00e1n hasta que usted d\u00e9 su consentimiento expl\u00edcito a trav\u00e9s de nuestro banner de cookies (gestionado por Complianz).<\/p>\n\n\n\n<p><strong>c) Contenido incrustado de otros sitios web<\/strong> Las publicaciones (estudios de caso) de este sitio pueden incluir contenido incrustado (por ejemplo, v\u00eddeos de Vimeo o YouTube). El contenido incrustado de otros sitios web se comporta exactamente de la misma manera que si el visitante hubiera visitado el otro sitio web. <\/p>\n\n\n\n<p><strong>3. Con qui\u00e9n compartimos sus datos<\/strong><\/p>\n\n\n\n<p>TKM Photo no vende ni alquila sus datos personales. Los datos solo podr\u00e1n compartirse con los proveedores de servicios esenciales para el funcionamiento del sitio o debido a una obligaci\u00f3n legal. Nuestros principales encargados del tratamiento de datos son:  <\/p>\n\n\n\n<ul class=\"wp-block-list\">\n<li><strong>Google LLC:<\/strong> Para Google Analytics (an\u00e1lisis del sitio) y Google Ads (publicidad).<\/li>\n\n\n\n<li><strong>Nuestro proveedor de alojamiento web:<\/strong> Para el alojamiento del sitio.<\/li>\n<\/ul>\n\n\n\n<p><strong>4. Cu\u00e1nto tiempo conservamos sus datos<\/strong><\/p>\n\n\n\n<ul class=\"wp-block-list\">\n<li><strong>Datos del formulario de contacto:<\/strong> Los datos se conservan durante un per\u00edodo razonable (por ejemplo, 2 a\u00f1os) para gestionar las consultas, a menos que un requisito legal (como la facturaci\u00f3n) exija una conservaci\u00f3n m\u00e1s prolongada.<\/li>\n\n\n\n<li><strong>Datos de an\u00e1lisis:<\/strong> Los datos anonimizados recopilados por Google Analytics podr\u00e1n conservarse durante 26 meses para el an\u00e1lisis estad\u00edstico.<\/li>\n<\/ul>\n\n\n\n<p><strong>5. Sus derechos sobre sus datos (derechos del RGPD)<\/strong><\/p>\n\n\n\n<p>En virtud del RGPD, usted tiene los siguientes derechos:<\/p>\n\n\n\n<ul class=\"wp-block-list\">\n<li><strong>Acceso:<\/strong> A solicitar el acceso a los datos que tenemos sobre usted.<\/li>\n\n\n\n<li><strong>Rectificaci\u00f3n:<\/strong> A corregir cualquier dato incompleto o inexacto.<\/li>\n\n\n\n<li><strong>Supresi\u00f3n (\u00abDerecho al olvido\u00bb):<\/strong> A solicitar la supresi\u00f3n de sus datos cuando ya no sean necesarios.<\/li>\n\n\n\n<li><strong>Oposici\u00f3n:<\/strong> A oponerse al tratamiento de sus datos (especialmente para fines de marketing).<\/li>\n\n\n\n<li><strong>Retirar el consentimiento:<\/strong> A retirar su consentimiento para las cookies en cualquier momento.<\/li>\n<\/ul>\n\n\n\n<p>Para ejercer estos derechos, p\u00f3ngase en contacto con nosotros en <code>info@tkmphoto.com<\/code>.<\/p>\n\n\n\n<p><\/p>\n","protected":false},"excerpt":{"rendered":"<p>Pol\u00edtica de privacidad 1. Informaci\u00f3n del responsable del tratamiento de datos La entidad responsable del tratamiento de los datos personales recogidos a trav\u00e9s de este sitio web (tkmphoto.com) es: 2. Datos personales que recopilamos y por qu\u00e9 TKM Photo recopila datos a trav\u00e9s de este sitio web para los siguientes fines limitados: a) Formularios de [&hellip;]<\/p>\n","protected":false},"author":1,"featured_media":0,"parent":0,"menu_order":0,"comment_status":"closed","ping_status":"open","template":"","meta":{"footnotes":""},"class_list":["post-501021","page","type-page","status-publish","hentry"],"blocksy_meta":{"styles_descriptor":{"styles":{"desktop":"","tablet":"","mobile":""},"google_fonts":[],"version":6}},"_links":{"self":[{"href":"https:\/\/tkmphoto.com\/es\/wp-json\/wp\/v2\/pages\/501021","targetHints":{"allow":["GET"]}}],"collection":[{"href":"https:\/\/tkmphoto.com\/es\/wp-json\/wp\/v2\/pages"}],"about":[{"href":"https:\/\/tkmphoto.com\/es\/wp-json\/wp\/v2\/types\/page"}],"author":[{"embeddable":true,"href":"https:\/\/tkmphoto.com\/es\/wp-json\/wp\/v2\/users\/1"}],"replies":[{"embeddable":true,"href":"https:\/\/tkmphoto.com\/es\/wp-json\/wp\/v2\/comments?post=501021"}],"version-history":[{"count":3,"href":"https:\/\/tkmphoto.com\/es\/wp-json\/wp\/v2\/pages\/501021\/revisions"}],"predecessor-version":[{"id":501333,"href":"https:\/\/tkmphoto.com\/es\/wp-json\/wp\/v2\/pages\/501021\/revisions\/501333"}],"wp:attachment":[{"href":"https:\/\/tkmphoto.com\/es\/wp-json\/wp\/v2\/media?parent=501021"}],"curies":[{"name":"wp","href":"https:\/\/api.w.org\/{rel}","templated":true}]}}