{"id":500053,"date":"2025-10-09T17:57:37","date_gmt":"2025-10-09T17:57:37","guid":{"rendered":"https:\/\/tkmphoto.com\/contacto\/"},"modified":"2026-04-06T18:20:44","modified_gmt":"2026-04-06T18:20:44","slug":"contacto","status":"publish","type":"page","link":"https:\/\/tkmphoto.com\/es\/contacto\/","title":{"rendered":"Contacto"},"content":{"rendered":"\n<div class=\"wp-block-stackable-columns stk-block-columns stk-block stk-453f4d7\" data-block-id=\"453f4d7\"><style>.stk-453f4d7 {margin-top:var(--stk--preset--spacing--70, 3.38rem) !important;margin-bottom:nullpx !important;}<\/style><div class=\"stk-row stk-inner-blocks stk-block-content stk-content-align stk-453f4d7-column\">\n<div class=\"wp-block-stackable-column stk-block-column stk-column stk-block stk-0232581\" data-v=\"4\" data-block-id=\"0232581\"><div class=\"stk-column-wrapper stk-block-column__content stk-container stk-0232581-container stk--no-background stk--no-padding\"><div class=\"stk-block-content stk-inner-blocks stk-0232581-inner-blocks\">\n<div class=\"wp-block-stackable-heading stk-block-heading stk-block-heading--v2 stk-block stk-f0b464e\" id=\"heading-placeholder\" data-block-id=\"f0b464e\"><style>.stk-f0b464e {margin-bottom:11px !important;}<\/style><h2 class=\"stk-block-heading__text\">P\u00f3ngase en contacto con nosotros<\/h2><\/div>\n\n\n\n<div class=\"wp-block-stackable-text stk-block-text stk-block stk-782abbe\" data-block-id=\"782abbe\"><style>.stk-782abbe {margin-bottom:19px !important;}<\/style><p class=\"stk-block-text__text\">P\u00f3ngase en contacto con nosotros para sus necesidades de fotograf\u00eda industrial, a\u00e9rea o arquitect\u00f3nica. Contacte con nuestro estudio en Madrid para su pr\u00f3ximo proyecto en Espa\u00f1a o Europa. <\/p><\/div>\n\n\n\n<div class=\"wp-block-stackable-columns stk-block-columns stk-block stk-cde6c6b\" data-block-id=\"cde6c6b\"><style>.stk-cde6c6b-column{--stk-columns-spacing:var(--stk--preset--spacing--none, 0px) !important;--stk-column-gap:var(--stk--preset--spacing--50, clamp(30px, 5vw, 50px)) !important;}<\/style><div class=\"stk-row stk-inner-blocks stk-block-content stk-content-align stk-cde6c6b-column\">\n<div class=\"wp-block-stackable-column stk-block-column stk-column stk-block stk-88de69e\" data-v=\"4\" data-block-id=\"88de69e\"><style>.stk-88de69e-inner-blocks{justify-content:center !important;}<\/style><div class=\"stk-column-wrapper stk-block-column__content stk-container stk-88de69e-container stk--no-background stk--no-padding\"><div class=\"stk--column-flex stk-block-content stk-inner-blocks stk-88de69e-inner-blocks\"><div class=\"wpforms-container wpforms-block wpforms-block-5045f494-e89e-43f6-86c5-16745a679cc6 wpforms-render-modern\" id=\"wpforms-663\"><form id=\"wpforms-form-663\" class=\"wpforms-validate wpforms-form wpforms-ajax-form\" data-formid=\"663\" method=\"post\" enctype=\"multipart\/form-data\" action=\"\/es\/wp-json\/wp\/v2\/pages\/500053\" data-token=\"680a1ca09c119b81a08d18146d9b3fd6\" data-token-time=\"1776234066\"><noscript class=\"wpforms-error-noscript\">Por favor, activa JavaScript en tu navegador para completar este formulario.<\/noscript><div id=\"wpforms-error-noscript\" style=\"display: none;\">Por favor, activa JavaScript en tu navegador para completar este formulario.<\/div><div class=\"wpforms-field-container\"><div id=\"wpforms-663-field_0-container\" class=\"wpforms-field wpforms-field-name\" data-field-id=\"0\"><label class=\"wpforms-field-label\" for=\"wpforms-663-field_0\">Nombre y Apellido <span class=\"wpforms-required-label\" aria-hidden=\"true\">*<\/span><\/label><input type=\"text\" id=\"wpforms-663-field_0\" class=\"wpforms-field-large wpforms-field-required\" name=\"wpforms[fields][0]\" aria-errormessage=\"wpforms-663-field_0-error\" required><\/div><div id=\"wpforms-663-field_4-container\" class=\"wpforms-field wpforms-field-text\" data-field-id=\"4\"><label class=\"wpforms-field-label\" for=\"wpforms-663-field_4\">Nombre de la empresa<\/label><input type=\"text\" id=\"wpforms-663-field_4\" class=\"wpforms-field-medium\" name=\"wpforms[fields][4]\" aria-errormessage=\"wpforms-663-field_4-error\" ><\/div><div id=\"wpforms-663-field_5-container\" class=\"wpforms-field wpforms-field-select wpforms-field-select-style-classic\" data-field-id=\"5\"><label class=\"wpforms-field-label\" for=\"wpforms-663-field_5\">Tipo de proyecto<\/label><select id=\"wpforms-663-field_5\" class=\"wpforms-field-medium\" name=\"wpforms[fields][5]\"><option value=\"Producci\u00f3n Industrial\"  class=\"choice-1 depth-1\"  >Producci\u00f3n Industrial<\/option><option value=\"Arquitectura e Interiores\"  class=\"choice-2 depth-1\"  >Arquitectura e Interiores<\/option><option value=\"Hotel \/ Hosteler\u00eda\"  class=\"choice-3 depth-1\"  >Hotel \/ Hosteler\u00eda<\/option><option value=\"Corporativo \/ Retrato\"  class=\"choice-4 depth-1\"  >Corporativo \/ Retrato<\/option><option value=\"Otra\"  class=\"choice-5 depth-1\"  >Otra<\/option><\/select><\/div>\t\t<div id=\"wpforms-663-field_3-container\"\n\t\t\tclass=\"wpforms-field wpforms-field-text\"\n\t\t\tdata-field-type=\"text\"\n\t\t\tdata-field-id=\"3\"\n\t\t\t>\n\t\t\t<label class=\"wpforms-field-label\" for=\"wpforms-663-field_3\" >Apellido empresa electr\u00f3nico<\/label>\n\t\t\t<input type=\"text\" id=\"wpforms-663-field_3\" class=\"wpforms-field-medium\" name=\"wpforms[fields][3]\" >\n\t\t<\/div>\n\t\t<div id=\"wpforms-663-field_1-container\" class=\"wpforms-field wpforms-field-email\" data-field-id=\"1\"><label class=\"wpforms-field-label\" for=\"wpforms-663-field_1\">Correo electr\u00f3nico <span class=\"wpforms-required-label\" aria-hidden=\"true\">*<\/span><\/label><input type=\"email\" id=\"wpforms-663-field_1\" class=\"wpforms-field-large wpforms-field-required\" name=\"wpforms[fields][1]\" spellcheck=\"false\" aria-errormessage=\"wpforms-663-field_1-error\" required><\/div><div id=\"wpforms-663-field_2-container\" class=\"wpforms-field wpforms-field-textarea\" data-field-id=\"2\"><label class=\"wpforms-field-label\" for=\"wpforms-663-field_2\">Comentario o Mensaje<\/label><textarea id=\"wpforms-663-field_2\" class=\"wpforms-field-large\" name=\"wpforms[fields][2]\" aria-errormessage=\"wpforms-663-field_2-error\" ><\/textarea><\/div><script>\n\t\t\t\t( function() {\n\t\t\t\t\tconst style = document.createElement( 'style' );\n\t\t\t\t\tstyle.appendChild( document.createTextNode( '#wpforms-663-field_3-container { position: absolute !important; overflow: hidden !important; display: inline !important; height: 1px !important; width: 1px !important; z-index: -1000 !important; padding: 0 !important; } #wpforms-663-field_3-container input { visibility: hidden; } #wpforms-conversational-form-page #wpforms-663-field_3-container label { counter-increment: none; }' ) );\n\t\t\t\t\tdocument.head.appendChild( style );\n\t\t\t\t\tdocument.currentScript?.remove();\n\t\t\t\t} )();\n\t\t\t<\/script><\/div><!-- .wpforms-field-container --><div class=\"wpforms-submit-container\" ><input type=\"hidden\" name=\"wpforms[id]\" value=\"663\"><input type=\"hidden\" name=\"page_title\" value=\"\"><input type=\"hidden\" name=\"page_url\" value=\"https:\/\/tkmphoto.com\/es\/wp-json\/wp\/v2\/pages\/500053\"><input type=\"hidden\" name=\"url_referer\" value=\"\"><button type=\"submit\" name=\"wpforms[submit]\" id=\"wpforms-submit-663\" class=\"wpforms-submit\" data-alt-text=\"Enviando...\" data-submit-text=\"Enviar Mensaje\" aria-live=\"assertive\" value=\"wpforms-submit\">Enviar Mensaje<\/button><img loading=\"lazy\" decoding=\"async\" src=\"https:\/\/tkmphoto.com\/wp-content\/plugins\/wpforms-lite\/assets\/images\/submit-spin.svg\" class=\"wpforms-submit-spinner\" style=\"display: none;\" width=\"26\" height=\"26\" alt=\"Cargando\"><\/div><\/form><\/div>  <!-- .wpforms-container --><\/div><\/div><\/div>\n\n\n\n<div class=\"wp-block-stackable-column stk-block-column stk-column stk-block stk-ebb7451\" data-v=\"4\" data-block-id=\"ebb7451\"><style>.stk-ebb7451 {align-self:flex-start !important;}.stk-ebb7451-inner-blocks{justify-content:center !important;}<\/style><div class=\"stk-column-wrapper stk-block-column__content stk-container stk-ebb7451-container stk--no-background stk--no-padding\"><div class=\"stk--column-flex stk-block-content stk-inner-blocks stk-ebb7451-inner-blocks\">\n<div class=\"wp-block-stackable-columns stk-block-columns stk-block stk-6bcc968\" data-block-id=\"6bcc968\"><div class=\"stk-row stk-inner-blocks stk-block-content stk-content-align stk-6bcc968-column\">\n<div class=\"wp-block-stackable-column stk-block-column stk-column stk-block stk-f99116e\" data-v=\"4\" data-block-id=\"f99116e\"><style>.stk-f99116e-inner-blocks{justify-content:center !important;}@media screen and (min-width:690px){.stk-f99116e {flex:var(--stk-flex-grow, 1) 1 calc(15% - var(--stk-column-gap, 0px) * 1 \/ 2 ) !important;}}<\/style><div class=\"stk-column-wrapper stk-block-column__content stk-container stk-f99116e-container stk--no-background stk--no-padding\"><div class=\"has-text-align-center stk--column-flex stk-block-content stk-inner-blocks stk-f99116e-inner-blocks\">\n<div class=\"wp-block-stackable-button-group stk-block-button-group stk-block stk-bca691b\" data-block-id=\"bca691b\"><div class=\"stk-row stk-inner-blocks stk-block-content stk-button-group\">\n<div class=\"wp-block-stackable-icon-button stk-block-icon-button stk-block stk-813599b\" data-block-id=\"813599b\"><style>.stk-813599b .stk-button{background:#000000 !important;}<\/style><a class=\"stk-link stk-button stk--hover-effect-darken\" href=\"mailto:info@tkmphoto.com\"><span class=\"stk--svg-wrapper\"><div class=\"stk--inner-svg\"><svg xmlns=\"http:\/\/www.w3.org\/2000\/svg\" viewBox=\"0 0 512 512\" aria-hidden=\"true\" width=\"32\" height=\"32\"><path d=\"M48 64C21.5 64 0 85.5 0 112c0 15.1 7.1 29.3 19.2 38.4L236.8 313.6c11.4 8.5 27 8.5 38.4 0L492.8 150.4c12.1-9.1 19.2-23.3 19.2-38.4c0-26.5-21.5-48-48-48H48zM0 176V384c0 35.3 28.7 64 64 64H448c35.3 0 64-28.7 64-64V176L294.4 339.2c-22.8 17.1-54 17.1-76.8 0L0 176z\"\/><\/svg><\/div><\/span><\/a><\/div>\n<\/div><\/div>\n<\/div><\/div><\/div>\n\n\n\n<div class=\"wp-block-stackable-column stk-block-column stk-column stk-block stk-8107ddb\" data-v=\"4\" data-block-id=\"8107ddb\"><style>.stk-8107ddb-inner-blocks{justify-content:center !important;}@media screen and (min-width:690px){.stk-8107ddb {flex:var(--stk-flex-grow, 1) 1 calc(85% - var(--stk-column-gap, 0px) * 1 \/ 2 ) !important;}}<\/style><div class=\"stk-column-wrapper stk-block-column__content stk-container stk-8107ddb-container stk--no-background stk--no-padding\"><div class=\"has-text-align-center-mobile stk--column-flex stk-block-content stk-inner-blocks stk-8107ddb-inner-blocks\">\n<div class=\"wp-block-stackable-text stk-block-text stk-block stk-4be335e\" data-block-id=\"4be335e\"><style>.stk-4be335e {margin-bottom:nullpx !important;}.stk-4be335e .stk-block-text__text{font-weight:bold !important;}<\/style><p class=\"stk-block-text__text\">Correo electr\u00f3nico<\/p><\/div>\n\n\n\n<div class=\"wp-block-stackable-text stk-block-text stk-block stk-078468c\" data-block-id=\"078468c\"><p class=\"stk-block-text__text\"><a href=\"mailto:info@tkmphoto.com\">info@tkmphoto.com<\/a><\/p><\/div>\n<\/div><\/div><\/div>\n<\/div><\/div>\n\n\n\n<div class=\"wp-block-stackable-columns stk-block-columns stk-block stk-56a5421\" data-block-id=\"56a5421\"><div class=\"stk-row stk-inner-blocks stk-block-content stk-content-align stk-56a5421-column\">\n<div class=\"wp-block-stackable-column stk-block-column stk-column stk-block stk-1ba218e\" data-v=\"4\" data-block-id=\"1ba218e\"><style>.stk-1ba218e-inner-blocks{justify-content:center !important;}@media screen and (min-width:690px){.stk-1ba218e {flex:var(--stk-flex-grow, 1) 1 calc(15% - var(--stk-column-gap, 0px) * 1 \/ 2 ) !important;}}<\/style><div class=\"stk-column-wrapper stk-block-column__content stk-container stk-1ba218e-container stk--no-background stk--no-padding\"><div class=\"has-text-align-center stk--column-flex stk-block-content stk-inner-blocks stk-1ba218e-inner-blocks\">\n<div class=\"wp-block-stackable-button-group stk-block-button-group stk-block stk-bc1a50b\" data-block-id=\"bc1a50b\"><div class=\"stk-row stk-inner-blocks stk-block-content stk-button-group\">\n<div class=\"wp-block-stackable-icon-button stk-block-icon-button stk-block stk-ebc4b1b\" data-block-id=\"ebc4b1b\"><style>.stk-ebc4b1b .stk-button{background:#000000 !important;}<\/style><a class=\"stk-link stk-button stk--hover-effect-darken\" href=\"tel:+34664598274\"><span class=\"stk--svg-wrapper\"><div class=\"stk--inner-svg\"><svg xmlns=\"http:\/\/www.w3.org\/2000\/svg\" viewBox=\"0 0 512 512\" aria-hidden=\"true\" width=\"32\" height=\"32\"><path d=\"M164.9 24.6c-7.7-18.6-28-28.5-47.4-23.2l-88 24C12.1 30.2 0 46 0 64C0 311.4 200.6 512 448 512c18 0 33.8-12.1 38.6-29.5l24-88c5.3-19.4-4.6-39.7-23.2-47.4l-96-40c-16.3-6.8-35.2-2.1-46.3 11.6L304.7 368C234.3 334.7 177.3 277.7 144 207.3L193.3 167c13.7-11.2 18.4-30 11.6-46.3l-40-96z\"\/><\/svg><\/div><\/span><\/a><\/div>\n<\/div><\/div>\n<\/div><\/div><\/div>\n\n\n\n<div class=\"wp-block-stackable-column stk-block-column stk-column stk-block stk-e4333a3\" data-v=\"4\" data-block-id=\"e4333a3\"><style>.stk-e4333a3-inner-blocks{justify-content:center !important;}@media screen and (min-width:690px){.stk-e4333a3 {flex:var(--stk-flex-grow, 1) 1 calc(85% - var(--stk-column-gap, 0px) * 1 \/ 2 ) !important;}}<\/style><div class=\"stk-column-wrapper stk-block-column__content stk-container stk-e4333a3-container stk--no-background stk--no-padding\"><div class=\"has-text-align-center-mobile stk--column-flex stk-block-content stk-inner-blocks stk-e4333a3-inner-blocks\">\n<div class=\"wp-block-stackable-text stk-block-text stk-block stk-6dbd442\" data-block-id=\"6dbd442\"><style>.stk-6dbd442 .stk-block-text__text{font-weight:bold !important;}<\/style><p class=\"stk-block-text__text\">Tel\u00e9fono<\/p><\/div>\n\n\n\n<div class=\"wp-block-stackable-text stk-block-text stk-block stk-f1ab482\" data-block-id=\"f1ab482\"><p class=\"stk-block-text__text\"><a href=\"tel:+34664598274\" data-type=\"tel\" data-id=\"tel:+34664598274\">+34 (664) 598 274<\/a><\/p><\/div>\n<\/div><\/div><\/div>\n<\/div><\/div>\n\n\n\n<div class=\"wp-block-stackable-columns stk-block-columns stk-block stk-a9baa5a\" data-block-id=\"a9baa5a\"><div class=\"stk-row stk-inner-blocks stk-block-content stk-content-align stk-a9baa5a-column\">\n<div class=\"wp-block-stackable-column stk-block-column stk-column stk-block stk-50527a9\" data-v=\"4\" data-block-id=\"50527a9\"><style>.stk-50527a9-inner-blocks{justify-content:center !important;}@media screen and (min-width:690px){.stk-50527a9 {flex:var(--stk-flex-grow, 1) 1 calc(15% - var(--stk-column-gap, 0px) * 1 \/ 2 ) !important;}}<\/style><div class=\"stk-column-wrapper stk-block-column__content stk-container stk-50527a9-container stk--no-background stk--no-padding\"><div class=\"has-text-align-center stk--column-flex stk-block-content stk-inner-blocks stk-50527a9-inner-blocks\">\n<div class=\"wp-block-stackable-button-group stk-block-button-group stk-block stk-e410cc0\" data-block-id=\"e410cc0\"><div class=\"stk-row stk-inner-blocks stk-block-content stk-button-group\">\n<div class=\"wp-block-stackable-icon-button stk-block-icon-button stk-block stk-a932125\" data-block-id=\"a932125\"><style>.stk-a932125 .stk-button{background:#000000 !important;}<\/style><a class=\"stk-link stk-button stk--hover-effect-darken\" href=\"https:\/\/wa.me\/34664598274\" target=\"_blank\" rel=\"noopener\"><span class=\"stk--svg-wrapper\"><div class=\"stk--inner-svg\"><svg xmlns=\"http:\/\/www.w3.org\/2000\/svg\" viewBox=\"0 0 448 512\" aria-hidden=\"true\" width=\"32\" height=\"32\"><path d=\"M380.9 97.1C339 55.1 283.2 32 223.9 32c-122.4 0-222 99.6-222 222 0 39.1 10.2 77.3 29.6 111L0 480l117.7-30.9c32.4 17.7 68.9 27 106.1 27h.1c122.3 0 224.1-99.6 224.1-222 0-59.3-25.2-115-67.1-157zm-157 341.6c-33.2 0-65.7-8.9-94-25.7l-6.7-4-69.8 18.3L72 359.2l-4.4-7c-18.5-29.4-28.2-63.3-28.2-98.2 0-101.7 82.8-184.5 184.6-184.5 49.3 0 95.6 19.2 130.4 54.1 34.8 34.9 56.2 81.2 56.1 130.5 0 101.8-84.9 184.6-186.6 184.6zm101.2-138.2c-5.5-2.8-32.8-16.2-37.9-18-5.1-1.9-8.8-2.8-12.5 2.8-3.7 5.6-14.3 18-17.6 21.8-3.2 3.7-6.5 4.2-12 1.4-32.6-16.3-54-29.1-75.5-66-5.7-9.8 5.7-9.1 16.3-30.3 1.8-3.7.9-6.9-.5-9.7-1.4-2.8-12.5-30.1-17.1-41.2-4.5-10.8-9.1-9.3-12.5-9.5-3.2-.2-6.9-.2-10.6-.2-3.7 0-9.7 1.4-14.8 6.9-5.1 5.6-19.4 19-19.4 46.3 0 27.3 19.9 53.7 22.6 57.4 2.8 3.7 39.1 59.7 94.8 83.8 35.2 15.2 49 16.5 66.6 13.9 10.7-1.6 32.8-13.4 37.4-26.4 4.6-13 4.6-24.1 3.2-26.4-1.3-2.5-5-3.9-10.5-6.6z\"\/><\/svg><\/div><\/span><\/a><\/div>\n<\/div><\/div>\n<\/div><\/div><\/div>\n\n\n\n<div class=\"wp-block-stackable-column stk-block-column stk-column stk-block stk-2638b85\" data-v=\"4\" data-block-id=\"2638b85\"><style>.stk-2638b85-inner-blocks{justify-content:center !important;}@media screen and (min-width:690px){.stk-2638b85 {flex:var(--stk-flex-grow, 1) 1 calc(85% - var(--stk-column-gap, 0px) * 1 \/ 2 ) !important;}}<\/style><div class=\"stk-column-wrapper stk-block-column__content stk-container stk-2638b85-container stk--no-background stk--no-padding\"><div class=\"has-text-align-center-mobile stk--column-flex stk-block-content stk-inner-blocks stk-2638b85-inner-blocks\">\n<div class=\"wp-block-stackable-text stk-block-text stk-block stk-5313ae2\" data-block-id=\"5313ae2\"><style>.stk-5313ae2 {margin-bottom:var(--stk--preset--spacing--20, 10px) !important;}.stk-5313ae2 .stk-block-text__text{font-weight:bold !important;}<\/style><p class=\"stk-block-text__text\">WhatsApp<\/p><\/div>\n\n\n\n<div class=\"wp-block-stackable-text stk-block-text stk-block stk-080cdff\" data-block-id=\"080cdff\"><p class=\"stk-block-text__text\"><a href=\"https:\/\/wa.me\/34664598274\" data-type=\"link\" data-id=\"https:\/\/wa.me\/34664598274\" target=\"_blank\" rel=\"noopener\">+34 664 598 274<\/a><\/p><\/div>\n<\/div><\/div><\/div>\n<\/div><\/div>\n\n\n\n<div class=\"wp-block-stackable-columns stk-block-columns stk-block stk-96ad2fb\" data-block-id=\"96ad2fb\"><div class=\"stk-row stk-inner-blocks stk-block-content stk-content-align stk-96ad2fb-column\">\n<div class=\"wp-block-stackable-column stk-block-column stk-column stk-block stk-8dfd2d9\" data-v=\"4\" data-block-id=\"8dfd2d9\"><style>.stk-8dfd2d9-inner-blocks{justify-content:center !important;}@media screen and (min-width:690px){.stk-8dfd2d9 {flex:var(--stk-flex-grow, 1) 1 calc(15% - var(--stk-column-gap, 0px) * 1 \/ 2 ) !important;}}<\/style><div class=\"stk-column-wrapper stk-block-column__content stk-container stk-8dfd2d9-container stk--no-background stk--no-padding\"><div class=\"has-text-align-center stk--column-flex stk-block-content stk-inner-blocks stk-8dfd2d9-inner-blocks\">\n<div class=\"wp-block-stackable-button-group stk-block-button-group stk-block stk-d14f6a9\" data-block-id=\"d14f6a9\"><div class=\"stk-row stk-inner-blocks stk-block-content stk-button-group\">\n<div class=\"wp-block-stackable-icon-button stk-block-icon-button stk-block stk-547b727\" data-block-id=\"547b727\"><style>.stk-547b727 .stk-button{background:#000000 !important;}<\/style><a class=\"stk-link stk-button stk--hover-effect-darken\" href=\"\"><span class=\"stk--svg-wrapper\"><div class=\"stk--inner-svg\"><svg xmlns=\"http:\/\/www.w3.org\/2000\/svg\" viewBox=\"0 0 384 512\" aria-hidden=\"true\" width=\"32\" height=\"32\"><path d=\"M215.7 499.2C267 435 384 279.4 384 192C384 86 298 0 192 0S0 86 0 192c0 87.4 117 243 168.3 307.2c12.3 15.3 35.1 15.3 47.4 0zM192 128a64 64 0 1 1 0 128 64 64 0 1 1 0-128z\"\/><\/svg><\/div><\/span><\/a><\/div>\n<\/div><\/div>\n<\/div><\/div><\/div>\n\n\n\n<div class=\"wp-block-stackable-column stk-block-column stk-column stk-block stk-e077547\" data-v=\"4\" data-block-id=\"e077547\"><style>.stk-e077547-inner-blocks{justify-content:center !important;}@media screen and (min-width:690px){.stk-e077547 {flex:var(--stk-flex-grow, 1) 1 calc(85% - var(--stk-column-gap, 0px) * 1 \/ 2 ) !important;}}<\/style><div class=\"stk-column-wrapper stk-block-column__content stk-container stk-e077547-container stk--no-background stk--no-padding\"><div class=\"has-text-align-center-mobile stk--column-flex stk-block-content stk-inner-blocks stk-e077547-inner-blocks\">\n<div class=\"wp-block-stackable-text stk-block-text stk-block stk-dff802e\" data-block-id=\"dff802e\"><style>.stk-dff802e {margin-bottom:var(--stk--preset--spacing--20, 10px) !important;}.stk-dff802e .stk-block-text__text{font-weight:bold !important;}<\/style><p class=\"stk-block-text__text\">Direcci\u00f3n<\/p><\/div>\n\n\n\n<div class=\"wp-block-stackable-text stk-block-text stk-block stk-1bcc683\" data-block-id=\"1bcc683\"><p class=\"stk-block-text__text\">Chamber\u00ed, Madrid, Espa\u00f1a 28010<\/p><\/div>\n<\/div><\/div><\/div>\n<\/div><\/div>\n<\/div><\/div><\/div>\n<\/div><\/div>\n<\/div><\/div><\/div>\n<\/div><\/div>\n\n\n\n<p><\/p>\n\n\n\n<script type=\"application\/ld+json\">\n{\n  \"@context\": \"https:\/\/schema.org\",\n  \"@graph\": [\n    {\n      \"@type\": \"ContactPage\",\n      \"@id\": \"https:\/\/tkmphoto.com\/es\/contacto\/#contactpage\",\n      \"url\": \"https:\/\/tkmphoto.com\/es\/contacto\/\",\n      \"name\": \"Contacto \u2014 Fot\u00f3grafo Arquitect\u00f3nico e Industrial Madrid\",\n      \"inLanguage\": \"es-ES\",\n      \"isPartOf\": { \"@id\": \"https:\/\/tkmphoto.com\/es\/#website\" },\n      \"breadcrumb\": { \"@id\": \"https:\/\/tkmphoto.com\/es\/contacto\/#breadcrumb\" }\n    },\n    {\n      \"@type\": \"LocalBusiness\",\n      \"@id\": \"https:\/\/tkmphoto.com\/#localbusiness\",\n      \"name\": \"TKM Photo\",\n      \"description\": \"Fotograf\u00eda industrial y arquitect\u00f3nica en Madrid, Espa\u00f1a\",\n      \"image\": \"https:\/\/tkmphoto.com\/logo.png\",\n      \"address\": {\n        \"@type\": \"PostalAddress\",\n        \"streetAddress\": \"Cardenal Cisneros\",\n        \"addressLocality\": \"Madrid\",\n        \"postalCode\": \"28010\",\n        \"addressCountry\": \"ES\"\n      },\n      \"geo\": {\n        \"@type\": \"GeoCoordinates\",\n        \"latitude\": \"40.4378\",\n        \"longitude\": \"-3.7037\"\n      },\n      \"telephone\": \"+34664598274\",\n      \"email\": \"info@tkmphoto.com\",\n      \"url\": \"https:\/\/tkmphoto.com\/es\/\",\n      \"priceRange\": \"\u20ac\u20ac\u20ac\",\n      \"openingHours\": \"Mo-Fr 09:00-18:00\",\n      \"areaServed\": [\"Madrid\", \"Espa\u00f1a\", \"Europa\"]\n    }\n  ]\n}\n<\/script>\n","protected":false},"excerpt":{"rendered":"<p>P\u00f3ngase en contacto con nosotros P\u00f3ngase en contacto con nosotros para sus necesidades de fotograf\u00eda industrial, a\u00e9rea o arquitect\u00f3nica. Contacte con nuestro estudio en Madrid para su pr\u00f3ximo proyecto en Espa\u00f1a o Europa. Correo electr\u00f3nico info@tkmphoto.com Tel\u00e9fono +34 (664) 598 274 WhatsApp +34 664 598 274 Direcci\u00f3n Chamber\u00ed, Madrid, Espa\u00f1a 28010<\/p>\n","protected":false},"author":1,"featured_media":0,"parent":0,"menu_order":0,"comment_status":"closed","ping_status":"closed","template":"","meta":{"footnotes":""},"class_list":["post-500053","page","type-page","status-publish","hentry"],"blocksy_meta":{"page_structure_type":"type-4","styles_descriptor":{"styles":{"desktop":"[data-prefix=\"single_page\"] .entry-header .page-title {--theme-font-size:30px;} [data-prefix=\"single_page\"] .entry-header .entry-meta {--theme-font-weight:600;--theme-text-transform:uppercase;--theme-font-size:12px;--theme-line-height:1.3;}","tablet":"","mobile":""},"google_fonts":[],"version":6},"has_hero_section":"enabled","hero_section":"type-1"},"_links":{"self":[{"href":"https:\/\/tkmphoto.com\/es\/wp-json\/wp\/v2\/pages\/500053","targetHints":{"allow":["GET"]}}],"collection":[{"href":"https:\/\/tkmphoto.com\/es\/wp-json\/wp\/v2\/pages"}],"about":[{"href":"https:\/\/tkmphoto.com\/es\/wp-json\/wp\/v2\/types\/page"}],"author":[{"embeddable":true,"href":"https:\/\/tkmphoto.com\/es\/wp-json\/wp\/v2\/users\/1"}],"replies":[{"embeddable":true,"href":"https:\/\/tkmphoto.com\/es\/wp-json\/wp\/v2\/comments?post=500053"}],"version-history":[{"count":14,"href":"https:\/\/tkmphoto.com\/es\/wp-json\/wp\/v2\/pages\/500053\/revisions"}],"predecessor-version":[{"id":502528,"href":"https:\/\/tkmphoto.com\/es\/wp-json\/wp\/v2\/pages\/500053\/revisions\/502528"}],"wp:attachment":[{"href":"https:\/\/tkmphoto.com\/es\/wp-json\/wp\/v2\/media?parent=500053"}],"curies":[{"name":"wp","href":"https:\/\/api.w.org\/{rel}","templated":true}]}}